{"id":16,"date":"2022-01-30T23:59:51","date_gmt":"2022-01-30T21:59:51","guid":{"rendered":"https:\/\/www.terasilva.ro\/?page_id=16"},"modified":"2022-02-18T11:42:28","modified_gmt":"2022-02-18T09:42:28","slug":"servicii","status":"publish","type":"page","link":"https:\/\/www.terasilva.ro\/?page_id=16","title":{"rendered":"Servicii"},"content":{"rendered":"\n<h2 class=\"has-luminous-vivid-orange-color has-text-color has-large-font-size wp-block-heading\" id=\"amenajari-silvice\">Amen\u0103jari Silvice<\/h2>\n\n\n\n<div class=\"wp-block-group\"><div class=\"wp-block-group__inner-container is-layout-flow wp-block-group-is-layout-flow\">\n<p class=\"has-text-align-left has-medium-font-size\" id=\"amenajamentul-silvic-este-studiul-de-baza-in-gestionarea-padurilor-cu-con\u021binut-tehnico-organizatoric-juridic-\u0219i-economic-fundamentat-ecologic-etapele-de-parcurs-pentru-elaborarea-amenajamentului-silvic-sunt-lucrari-pregatitoaredocumentarea-terenului-procurarea-documenta\u021biilor-necesare-\u0219i-avizarea-temei-de-proiectare-sus\u021binerea-conferin\u021bei-i-deamenajare-culegerea-datelor-de-terenmaterializarea-subparcelarului-masuratori-topografice-descrieri-parcelare-inventarieri-\u0219i-recep\u021bia-lucrarilor-prelucrarea-datelor-\u0219i-redactarea-in-concept-a-amenajamentuluicalculul-suprafe\u021belor-al-posibilita\u021bii-\u0219i-prelucrarea-datelor-folosind-programul-as-sus\u021binerea-conferin\u021bei-a-ii-a-de-amenajare-definitivarea-amenajamentului-\u0219i-a-har\u021bilorredactarea-tiparirea-depunerea-\u0219i-avizarea-amenajamentului-silvic-in-ctas\">Amenajamentul Silvic este studiul de baz\u0103 \u00een gestionarea p\u0103durilor, cu con\u021binut tehnico-organizatoric, juridic \u0219i economic, fundamentat ecologic.<br><br>Etapele de parcurs pentru elaborarea Amenajamentului Silvic sunt:<br><br><strong>Lucrari pregatitoare<\/strong><br>Documentarea terenului, procurarea documenta\u021biilor necesare \u0219i avizarea temei de proiectare.<br>Sus\u021binerea conferin\u021bei I de Amenajarea P\u0103durilor.<br><br><strong>Culegerea datelor de teren<\/strong><\/p>\n\n\n\n<ul class=\"has-medium-font-size wp-block-list\"><li><mark style=\"background-color:rgba(0, 0, 0, 0)\" class=\"has-inline-color has-black-color\">Identificarea \u00een teren a schimb\u0103rilor la nivel de arboret;<\/mark><\/li><li><mark style=\"background-color:rgba(0, 0, 0, 0)\" class=\"has-inline-color has-black-color\">Descrierea arboretelor;<\/mark><\/li><li><mark style=\"background-color:rgba(0, 0, 0, 0)\" class=\"has-inline-color has-black-color\">M\u0103sur\u0103tori topografice;<\/mark><\/li><li><mark style=\"background-color:rgba(0, 0, 0, 0)\" class=\"has-inline-color has-black-color\">Materializarea subparcelarului;<\/mark><\/li><li><mark style=\"background-color:rgba(0, 0, 0, 0)\" class=\"has-inline-color has-black-color\">Inventarieri \u00een arboretele exploatabile;<\/mark><\/li><li><mark style=\"background-color:rgba(0, 0, 0, 0)\" class=\"has-inline-color has-black-color\">Recep\u021bia lucr\u0103rilor.<\/mark><\/li><\/ul>\n\n\n\n<p class=\"has-medium-font-size\"><strong>Prelucrarea datelor \u0219i redactarea \u00een concept a amenajamentului<\/strong><\/p>\n\n\n\n<p class=\"has-medium-font-size\">Calculul suprafe\u021belor, al posibilit\u0103\u021bii \u0219i prelucrarea datelor folosind programul AS. <\/p>\n\n\n\n<p class=\"has-medium-font-size\">Sus\u021binerea conferin\u021bei a II-a de amenajare.<\/p>\n\n\n\n<p><\/p>\n\n\n\n<p class=\"has-medium-font-size\"><strong>Definitivarea amenajamentului \u0219i a h\u0103r\u021bilor<\/strong><\/p>\n\n\n\n<p class=\"has-medium-font-size\" id=\"amenajamentul-silvic-este-studiul-de-baza-in-gestionarea-padurilor-cu-con\u021binut-tehnico-organizatoric-juridic-\u0219i-economic-fundamentat-ecologic-etapele-de-parcurs-pentru-elaborarea-amenajamentului-silvic-sunt-lucrari-pregatitoaredocumentarea-terenului-procurarea-documenta\u021biilor-necesare-\u0219i-avizarea-temei-de-proiectare-sus\u021binerea-conferin\u021bei-i-deamenajare-culegerea-datelor-de-terenmaterializarea-subparcelarului-masuratori-topografice-descrieri-parcelare-inventarieri-\u0219i-recep\u021bia-lucrarilor-prelucrarea-datelor-\u0219i-redactarea-in-concept-a-amenajamentuluicalculul-suprafe\u021belor-al-posibilita\u021bii-\u0219i-prelucrarea-datelor-folosind-programul-as-sus\u021binerea-conferin\u021bei-a-ii-a-de-amenajare-definitivarea-amenajamentului-\u0219i-a-har\u021bilorredactarea-tiparirea-depunerea-\u0219i-avizarea-amenajamentului-silvic-in-ctas\">\u00centocmirea h\u00e2r\u021bilor \u00een sistem GIS. <br>Redactarea, tip\u0103rirea, depunerea \u0219i avizarea amenajamentului silvic \u00een CTAS.<\/p>\n<\/div><\/div>\n\n\n\n<h2 class=\"has-luminous-vivid-orange-color has-text-color has-large-font-size wp-block-heading\" id=\"consultan\u021ba\">Consultan\u021b\u0103<\/h2>\n\n\n\n<div class=\"wp-block-group\"><div class=\"wp-block-group__inner-container is-layout-flow wp-block-group-is-layout-flow\">\n<ul class=\"has-medium-font-size wp-block-list\"><li><strong>pentru scheme de ajutor de stat derulate prin Agen\u021bia de Pl\u0103\u021bi \u0219i Interven\u021bie pentru Agricultur\u0103<\/strong><\/li><\/ul>\n\n\n\n<p class=\"has-medium-font-size\">\u00eentocmire dosarului tehnic pentru accesarea schemei de ajutor de stat \u201eServicii de silvomediu, servicii climatice \u0219i conservarea p\u0103durilor\u201d, aferent\u0103 M\u0103surii 15.<\/p>\n\n\n\n<ul class=\"has-medium-font-size wp-block-list\"><li><strong>pentru \u00eentocmirea dosarului in vederea obtinerii avizelor de mediu<\/strong><\/li><\/ul>\n\n\n\n<ul class=\"has-medium-font-size wp-block-list\"><li><strong><strong>evaluarea fondului forestier in vederea achizitiei sau vanzarii<\/strong><\/strong><\/li><\/ul>\n\n\n\n<p><\/p>\n<\/div><\/div>\n","protected":false},"excerpt":{"rendered":"<p>Amen\u0103jari Silvice Amenajamentul Silvic este studiul de baz\u0103 \u00een gestionarea p\u0103durilor, cu con\u021binut tehnico-organizatoric, juridic \u0219i economic, fundamentat ecologic. Etapele de parcurs pentru elaborarea Amenajamentului Silvic sunt: Lucrari pregatitoareDocumentarea terenului, procurarea documenta\u021biilor necesare \u0219i avizarea temei de proiectare.Sus\u021binerea conferin\u021bei I de Amenajarea P\u0103durilor. Culegerea datelor de teren Identificarea \u00een teren a schimb\u0103rilor la nivel de arboret; Descrierea arboretelor; M\u0103sur\u0103tori topografice; Materializarea subparcelarului; Inventarieri \u00een arboretele exploatabile; Recep\u021bia lucr\u0103rilor. Prelucrarea datelor \u0219i redactarea \u00een concept a amenajamentului Calculul suprafe\u021belor, al posibilit\u0103\u021bii&hellip;<\/p>\n","protected":false},"author":1,"featured_media":0,"parent":0,"menu_order":0,"comment_status":"closed","ping_status":"closed","template":"","meta":{"footnotes":""},"class_list":["post-16","page","type-page","status-publish","hentry"],"_links":{"self":[{"href":"https:\/\/www.terasilva.ro\/index.php?rest_route=\/wp\/v2\/pages\/16","targetHints":{"allow":["GET"]}}],"collection":[{"href":"https:\/\/www.terasilva.ro\/index.php?rest_route=\/wp\/v2\/pages"}],"about":[{"href":"https:\/\/www.terasilva.ro\/index.php?rest_route=\/wp\/v2\/types\/page"}],"author":[{"embeddable":true,"href":"https:\/\/www.terasilva.ro\/index.php?rest_route=\/wp\/v2\/users\/1"}],"replies":[{"embeddable":true,"href":"https:\/\/www.terasilva.ro\/index.php?rest_route=%2Fwp%2Fv2%2Fcomments&post=16"}],"version-history":[{"count":16,"href":"https:\/\/www.terasilva.ro\/index.php?rest_route=\/wp\/v2\/pages\/16\/revisions"}],"predecessor-version":[{"id":3821,"href":"https:\/\/www.terasilva.ro\/index.php?rest_route=\/wp\/v2\/pages\/16\/revisions\/3821"}],"wp:attachment":[{"href":"https:\/\/www.terasilva.ro\/index.php?rest_route=%2Fwp%2Fv2%2Fmedia&parent=16"}],"curies":[{"name":"wp","href":"https:\/\/api.w.org\/{rel}","templated":true}]}}