{"id":3603,"date":"2022-01-31T02:58:19","date_gmt":"2022-01-31T00:58:19","guid":{"rendered":"https:\/\/www.terasilva.ro\/?page_id=3603"},"modified":"2022-02-14T12:55:51","modified_gmt":"2022-02-14T10:55:51","slug":"despre-noi","status":"publish","type":"page","link":"https:\/\/www.terasilva.ro\/?page_id=3603","title":{"rendered":"Despre noi"},"content":{"rendered":"\n<p>O echip\u0103 de silvicultori pasiona\u021bi, care\u00a0\u00eencepand cu anul 2003 ofer\u0103 servicii  \u00een domeniul  amenaj\u0103rii p\u0103durilor.<br>Odat\u0103 cu acumularea de experien\u021b\u0103 \u00een acest domeniu, serviciile noastre s-au diversificat \u0219i pe l\u00e2ng\u0103 amenajarea p\u0103durilor ofer\u0103 \u0219i servicii \u00een alte domenii conexe silviculturii.<br>Dorim ca aceast\u0103 experien\u021b\u0103 dob\u00e2ndit\u0103 s\u0103 o putem pune la dispozi\u021bia dumneavoastr\u0103.<\/p>\n","protected":false},"excerpt":{"rendered":"<p>O echip\u0103 de silvicultori pasiona\u021bi, care\u00a0\u00eencepand cu anul 2003 ofer\u0103 servicii \u00een domeniul amenaj\u0103rii p\u0103durilor.Odat\u0103 cu acumularea de experien\u021b\u0103 \u00een acest domeniu, serviciile noastre s-au diversificat \u0219i pe l\u00e2ng\u0103 amenajarea p\u0103durilor ofer\u0103 \u0219i servicii \u00een alte domenii conexe silviculturii.Dorim ca aceast\u0103 experien\u021b\u0103 dob\u00e2ndit\u0103 s\u0103 o putem pune la dispozi\u021bia dumneavoastr\u0103.<\/p>\n","protected":false},"author":1,"featured_media":0,"parent":0,"menu_order":0,"comment_status":"closed","ping_status":"closed","template":"","meta":{"footnotes":""},"class_list":["post-3603","page","type-page","status-publish","hentry"],"_links":{"self":[{"href":"https:\/\/www.terasilva.ro\/index.php?rest_route=\/wp\/v2\/pages\/3603","targetHints":{"allow":["GET"]}}],"collection":[{"href":"https:\/\/www.terasilva.ro\/index.php?rest_route=\/wp\/v2\/pages"}],"about":[{"href":"https:\/\/www.terasilva.ro\/index.php?rest_route=\/wp\/v2\/types\/page"}],"author":[{"embeddable":true,"href":"https:\/\/www.terasilva.ro\/index.php?rest_route=\/wp\/v2\/users\/1"}],"replies":[{"embeddable":true,"href":"https:\/\/www.terasilva.ro\/index.php?rest_route=%2Fwp%2Fv2%2Fcomments&post=3603"}],"version-history":[{"count":8,"href":"https:\/\/www.terasilva.ro\/index.php?rest_route=\/wp\/v2\/pages\/3603\/revisions"}],"predecessor-version":[{"id":3758,"href":"https:\/\/www.terasilva.ro\/index.php?rest_route=\/wp\/v2\/pages\/3603\/revisions\/3758"}],"wp:attachment":[{"href":"https:\/\/www.terasilva.ro\/index.php?rest_route=%2Fwp%2Fv2%2Fmedia&parent=3603"}],"curies":[{"name":"wp","href":"https:\/\/api.w.org\/{rel}","templated":true}]}}